{"id":3570,"date":"2024-11-27T11:55:01","date_gmt":"2024-11-27T11:55:01","guid":{"rendered":"https:\/\/synthart.it\/?page_id=3570"},"modified":"2025-10-13T10:29:53","modified_gmt":"2025-10-13T10:29:53","slug":"certificato-di-autenticita","status":"publish","type":"page","link":"https:\/\/synthart.it\/en\/certificato-di-autenticita\/","title":{"rendered":"Certificate of Authenticity"},"content":{"rendered":"<div data-elementor-type=\"wp-page\" data-elementor-id=\"3570\" class=\"elementor elementor-3570\" data-elementor-post-type=\"page\">\n\t\t\t\t<div class=\"elementor-element elementor-element-6f6958e e-flex e-con-boxed e-con e-parent\" data-id=\"6f6958e\" data-element_type=\"container\" data-settings=\"{&quot;background_background&quot;:&quot;classic&quot;}\">\n\t\t\t\t\t<div class=\"e-con-inner\">\n\t\t\t\t<div class=\"elementor-element elementor-element-6493c38 elementor-widget elementor-widget-heading\" data-id=\"6493c38\" data-element_type=\"widget\" data-widget_type=\"heading.default\">\n\t\t\t\t<div class=\"elementor-widget-container\">\n\t\t\t\t\t<h1 class=\"elementor-heading-title elementor-size-default\">Certificate of Authenticity<\/h1>\t\t\t\t<\/div>\n\t\t\t\t<\/div>\n\t\t\t\t<div class=\"elementor-element elementor-element-205c225 elementor-widget elementor-widget-text-editor\" data-id=\"205c225\" data-element_type=\"widget\" data-widget_type=\"text-editor.default\">\n\t\t\t\t<div class=\"elementor-widget-container\">\n\t\t\t\t\t\t\t\t\t<div class=\"page\" title=\"Page 1\"><p>Ogni opera SynthArt \u00e8 accompagnata da un certificato che include:<\/p><div class=\"section\"><div class=\"layoutArea\"><ul><li><strong>Titolo dell\u2019opera<\/strong><\/li><li><strong>Nome dell\u2019autore (Valeria Pistilli)<\/strong><\/li><li><strong>Serie di appartenenza<\/strong><\/li><li><strong>Tecnica e supporto<\/strong><\/li><li><strong>Dimensioni reali<\/strong><\/li><li><strong>Data e luogo di realizzazione<\/strong><\/li><li><strong>Firma dell\u2019artista<\/strong><\/li><\/ul><p>\u00a0Questo documento \u00e8 la garanzia ufficiale che l\u2019opera \u00e8 <strong>unica, irripetibile e riconosciuta<\/strong>.<\/p><h2 class=\"column\">Materiali e stampa di qualit\u00e0 di stampa museale<\/h2><p>Le sintografie SynthArt vengono stampate su <strong>supporti professionali certificati<\/strong>, scelti per garantire:<\/p><ul><li><strong>Stabilit\u00e0 cromatica<\/strong> nel tempo<\/li><li><strong>Durata museale<\/strong><\/li><li><strong>Texture eleganti e tattili<\/strong> (carta vinilica goffrata, supporti certificati Digifort\u00ae P300)<\/li><li><strong>Inchiostri eco-solventi<\/strong> per resa cromatica intensa e rispetto ambientale<\/li><\/ul><p>\u00a0Ogni opera \u00e8 quindi una <strong>stampa artistica di alta qualit\u00e0<\/strong>, destinata a mantenere bellezza e intensit\u00e0 per decenni.<\/p><h2>Cura e conservazione<\/h2><p>Per preservare l\u2019opera nel tempo, consigliamo di:<\/p><ul><li>Esporla lontano da fonti dirette di luce solare.<\/li><li>Evitare ambienti troppo umidi o con sbalzi termici.<\/li><li>Pulire delicatamente con un panno morbido, senza detergenti aggressivi.<\/li><\/ul><p>\u00a0Ogni opera viene consegnata con <strong>linee guida pratiche<\/strong> per la cura e conservazione.<\/p><h2>Sicurezza e tracciabilit\u00e0<\/h2><ul><li>Ogni sintografia ha un <strong>numero identificativo<\/strong> associato al certificato.<\/li><li>Nessuna immagine viene <strong>replicata in serie<\/strong> o ristampata.<\/li><li>Ogni opera \u00e8 registrata all\u2019interno dell\u2019archivio SynthArt.<\/li><\/ul><p>\u00a0In questo modo, la tua opera ha una <strong>tracciabilit\u00e0 completa<\/strong> e un valore garantito.<\/p><h2>Domande frequenti (FAQ SEO)<\/h2><p><strong>Cos\u2019\u00e8 il certificato di autenticit\u00e0?<\/strong><br \/>\u00c8 un documento ufficiale, firmato dall\u2019artista, che attesta che l\u2019opera \u00e8 unica, originale e non replicabile.<\/p><p><strong>Posso richiedere copie multiple della stessa opera?<\/strong><br \/>No. SynthArt produce <strong>solo opere uniche<\/strong>: ogni sintografia esiste in un solo esemplare.<\/p><p><strong>Che materiali vengono utilizzati?<\/strong><br \/>Supporti fine-art vinilici certificati, inchiostri eco-solventi e tecniche di stampa professionale per garantire durata museale.<\/p><p><strong>Il certificato \u00e8 valido a livello collezionistico?<\/strong><br \/>S\u00ec. \u00c8 un documento che tutela il valore dell\u2019opera e ne certifica la provenienza, fondamentale per collezionisti e appassionati d\u2019arte.<\/p><\/div><\/div><\/div>\t\t\t\t\t\t\t\t<\/div>\n\t\t\t\t<\/div>\n\t\t\t\t\t<\/div>\n\t\t\t\t<\/div>\n\t\t<div class=\"elementor-element elementor-element-be39e31 e-grid e-con-boxed e-con e-parent\" data-id=\"be39e31\" data-element_type=\"container\" data-settings=\"{&quot;background_background&quot;:&quot;classic&quot;}\">\n\t\t\t\t\t<div class=\"e-con-inner\">\n\t\t\t\t<div class=\"elementor-element elementor-element-5939fa3 elementor-widget-mobile__width-inherit elementor-widget elementor-widget-button\" data-id=\"5939fa3\" data-element_type=\"widget\" data-widget_type=\"button.default\">\n\t\t\t\t<div class=\"elementor-widget-container\">\n\t\t\t\t\t\t\t\t\t<div class=\"elementor-button-wrapper\">\n\t\t\t\t\t<a class=\"elementor-button elementor-button-link elementor-size-sm\" href=\"https:\/\/synthart.it\/en\/shop\/\" target=\"_blank\">\n\t\t\t\t\t\t<span class=\"elementor-button-content-wrapper\">\n\t\t\t\t\t\t\t\t\t<span class=\"elementor-button-text\">Scopri ora le opere disponibili <\/span>\n\t\t\t\t\t<\/span>\n\t\t\t\t\t<\/a>\n\t\t\t\t<\/div>\n\t\t\t\t\t\t\t\t<\/div>\n\t\t\t\t<\/div>\n\t\t\t\t<div class=\"elementor-element elementor-element-e086fb6 elementor-widget elementor-widget-button\" data-id=\"e086fb6\" data-element_type=\"widget\" data-widget_type=\"button.default\">\n\t\t\t\t<div class=\"elementor-widget-container\">\n\t\t\t\t\t\t\t\t\t<div class=\"elementor-button-wrapper\">\n\t\t\t\t\t<a class=\"elementor-button elementor-button-link elementor-size-sm\" href=\"https:\/\/synthart.it\/en\/contatti\/\" target=\"_blank\">\n\t\t\t\t\t\t<span class=\"elementor-button-content-wrapper\">\n\t\t\t\t\t\t\t\t\t<span class=\"elementor-button-text\">Contattaci per maggiori info sul certificato <\/span>\n\t\t\t\t\t<\/span>\n\t\t\t\t\t<\/a>\n\t\t\t\t<\/div>\n\t\t\t\t\t\t\t\t<\/div>\n\t\t\t\t<\/div>\n\t\t\t\t\t<\/div>\n\t\t\t\t<\/div>\n\t\t<div class=\"elementor-element elementor-element-5ba1948 e-flex e-con-boxed e-con e-parent\" data-id=\"5ba1948\" data-element_type=\"container\" data-settings=\"{&quot;background_background&quot;:&quot;classic&quot;,&quot;background_motion_fx_motion_fx_scrolling&quot;:&quot;yes&quot;,&quot;background_motion_fx_translateX_effect&quot;:&quot;yes&quot;,&quot;background_motion_fx_translateX_direction&quot;:&quot;negative&quot;,&quot;background_motion_fx_translateX_speed&quot;:{&quot;unit&quot;:&quot;px&quot;,&quot;size&quot;:5,&quot;sizes&quot;:[]},&quot;background_motion_fx_translateX_affectedRange&quot;:{&quot;unit&quot;:&quot;%&quot;,&quot;size&quot;:&quot;&quot;,&quot;sizes&quot;:{&quot;start&quot;:0,&quot;end&quot;:100}},&quot;background_motion_fx_devices&quot;:[&quot;desktop&quot;,&quot;tablet&quot;,&quot;mobile&quot;]}\">\n\t\t\t\t\t<div class=\"e-con-inner\">\n\t\t<div class=\"elementor-element elementor-element-99ca478 e-con-full e-flex e-con e-child\" data-id=\"99ca478\" data-element_type=\"container\">\n\t\t\t\t<div class=\"elementor-element elementor-element-d5f72a2 elementor-widget-tablet__width-initial elementor-widget elementor-widget-image\" data-id=\"d5f72a2\" data-element_type=\"widget\" data-settings=\"{&quot;motion_fx_motion_fx_scrolling&quot;:&quot;yes&quot;,&quot;motion_fx_translateX_speed&quot;:{&quot;unit&quot;:&quot;px&quot;,&quot;size&quot;:2,&quot;sizes&quot;:[]},&quot;motion_fx_translateX_effect&quot;:&quot;yes&quot;,&quot;motion_fx_translateX_affectedRange&quot;:{&quot;unit&quot;:&quot;%&quot;,&quot;size&quot;:&quot;&quot;,&quot;sizes&quot;:{&quot;start&quot;:0,&quot;end&quot;:100}},&quot;motion_fx_devices&quot;:[&quot;desktop&quot;,&quot;tablet&quot;,&quot;mobile&quot;]}\" data-widget_type=\"image.default\">\n\t\t\t\t<div class=\"elementor-widget-container\">\n\t\t\t\t\t\t\t\t\t\t\t\t\t\t\t<img fetchpriority=\"high\" decoding=\"async\" width=\"800\" height=\"308\" src=\"https:\/\/synthart.it\/wp-content\/uploads\/2024\/09\/LOGO_SYNTHART-3-pallini-1024x394.png\" class=\"attachment-large size-large wp-image-605\" alt=\"\" srcset=\"https:\/\/synthart.it\/wp-content\/uploads\/2024\/09\/LOGO_SYNTHART-3-pallini-1024x394.png 1024w, https:\/\/synthart.it\/wp-content\/uploads\/2024\/09\/LOGO_SYNTHART-3-pallini-300x115.png 300w, https:\/\/synthart.it\/wp-content\/uploads\/2024\/09\/LOGO_SYNTHART-3-pallini-768x295.png 768w, https:\/\/synthart.it\/wp-content\/uploads\/2024\/09\/LOGO_SYNTHART-3-pallini-600x231.png 600w, https:\/\/synthart.it\/wp-content\/uploads\/2024\/09\/LOGO_SYNTHART-3-pallini.png 1500w\" sizes=\"(max-width: 800px) 100vw, 800px\" \/>\t\t\t\t\t\t\t\t\t\t\t\t\t\t\t<\/div>\n\t\t\t\t<\/div>\n\t\t\t\t<\/div>\n\t\t<div class=\"elementor-element elementor-element-c2654d1 e-con-full e-flex elementor-invisible e-con e-child\" data-id=\"c2654d1\" data-element_type=\"container\" data-settings=\"{&quot;animation&quot;:&quot;fadeIn&quot;}\">\n\t\t\t\t<div class=\"elementor-element elementor-element-b2f0294 elementor-hidden-mobile elementor-widget elementor-widget-heading\" data-id=\"b2f0294\" data-element_type=\"widget\" data-widget_type=\"heading.default\">\n\t\t\t\t<div class=\"elementor-widget-container\">\n\t\t\t\t\t<h2 class=\"elementor-heading-title elementor-size-default\">\nDomande frequenti<\/h2>\t\t\t\t<\/div>\n\t\t\t\t<\/div>\n\t\t\t\t<div class=\"elementor-element elementor-element-7ae7161 elementor-widget elementor-widget-eael-adv-accordion\" data-id=\"7ae7161\" data-element_type=\"widget\" data-widget_type=\"eael-adv-accordion.default\">\n\t\t\t\t<div class=\"elementor-widget-container\">\n\t\t\t\t\t        <div class=\"eael-adv-accordion\" id=\"eael-adv-accordion-7ae7161\" data-scroll-on-click=\"no\" data-scroll-speed=\"300\" data-accordion-id=\"7ae7161\" data-accordion-type=\"accordion\" data-toogle-speed=\"300\">\n    <div class=\"eael-accordion-list\">\n                <div id=\"che-cos-una-sintografia\" class=\"elementor-tab-title eael-accordion-header\" tabindex=\"0\" data-tab=\"1\" aria-controls=\"elementor-tab-content-1281\"><span class=\"eael-accordion-tab-title\">Che cos\u2019\u00e8 una sintografia?<\/span><svg aria-hidden=\"true\" class=\"fa-toggle e-font-icon-svg e-fas-angle-right\" viewbox=\"0 0 256 512\" xmlns=\"http:\/\/www.w3.org\/2000\/svg\"><path d=\"M224.3 273l-136 136c-9.4 9.4-24.6 9.4-33.9 0l-22.6-22.6c-9.4-9.4-9.4-24.6 0-33.9l96.4-96.4-96.4-96.4c-9.4-9.4-9.4-24.6 0-33.9L54.3 103c9.4-9.4 24.6-9.4 33.9 0l136 136c9.5 9.4 9.5 24.6.1 34z\"><\/path><\/svg><\/div><div id=\"elementor-tab-content-1281\" class=\"eael-accordion-content clearfix\" data-tab=\"1\" aria-labelledby=\"che-cos-una-sintografia\"><p>\u00c8 un\u2019opera digitale unica, nata dal dialogo tra sguardo umano e AI, completata da un intervento artistico di post-produzione.<\/p><\/div>\n                <\/div><div class=\"eael-accordion-list\">\n                <div id=\"le-opere-sono-davvero-uniche\" class=\"elementor-tab-title eael-accordion-header\" tabindex=\"0\" data-tab=\"2\" aria-controls=\"elementor-tab-content-1282\"><span class=\"eael-accordion-tab-title\">Le opere sono davvero uniche?<\/span><svg aria-hidden=\"true\" class=\"fa-toggle e-font-icon-svg e-fas-angle-right\" viewbox=\"0 0 256 512\" xmlns=\"http:\/\/www.w3.org\/2000\/svg\"><path d=\"M224.3 273l-136 136c-9.4 9.4-24.6 9.4-33.9 0l-22.6-22.6c-9.4-9.4-9.4-24.6 0-33.9l96.4-96.4-96.4-96.4c-9.4-9.4-9.4-24.6 0-33.9L54.3 103c9.4-9.4 24.6-9.4 33.9 0l136 136c9.5 9.4 9.5 24.6.1 34z\"><\/path><\/svg><\/div><div id=\"elementor-tab-content-1282\" class=\"eael-accordion-content clearfix\" data-tab=\"2\" aria-labelledby=\"le-opere-sono-davvero-uniche\"><p>S\u00ec. Ogni sintografia \u00e8 un solo esemplare, accompagnato da un certificato di autenticit\u00e0.<\/p><\/div>\n                <\/div><div class=\"eael-accordion-list\">\n                <div id=\"che-materiali-utilizzate\" class=\"elementor-tab-title eael-accordion-header\" tabindex=\"0\" data-tab=\"3\" aria-controls=\"elementor-tab-content-1283\"><span class=\"eael-accordion-tab-title\">Che materiali utilizzate?<\/span><svg aria-hidden=\"true\" class=\"fa-toggle e-font-icon-svg e-fas-angle-right\" viewbox=\"0 0 256 512\" xmlns=\"http:\/\/www.w3.org\/2000\/svg\"><path d=\"M224.3 273l-136 136c-9.4 9.4-24.6 9.4-33.9 0l-22.6-22.6c-9.4-9.4-9.4-24.6 0-33.9l96.4-96.4-96.4-96.4c-9.4-9.4-9.4-24.6 0-33.9L54.3 103c9.4-9.4 24.6-9.4 33.9 0l136 136c9.5 9.4 9.5 24.6.1 34z\"><\/path><\/svg><\/div><div id=\"elementor-tab-content-1283\" class=\"eael-accordion-content clearfix\" data-tab=\"3\" aria-labelledby=\"che-materiali-utilizzate\"><p>Stampiamo su carta goffrata ed ignifuga, con resa cromatica duratura e qualit\u00e0 museale.<\/p><\/div>\n                <\/div><div class=\"eael-accordion-list\">\n                <div id=\"posso-richiedere-un-progetto-personalizzato\" class=\"elementor-tab-title eael-accordion-header\" tabindex=\"0\" data-tab=\"4\" aria-controls=\"elementor-tab-content-1284\"><span class=\"eael-accordion-tab-title\">Posso richiedere un progetto personalizzato?<\/span><svg aria-hidden=\"true\" class=\"fa-toggle e-font-icon-svg e-fas-angle-right\" viewbox=\"0 0 256 512\" xmlns=\"http:\/\/www.w3.org\/2000\/svg\"><path d=\"M224.3 273l-136 136c-9.4 9.4-24.6 9.4-33.9 0l-22.6-22.6c-9.4-9.4-9.4-24.6 0-33.9l96.4-96.4-96.4-96.4c-9.4-9.4-9.4-24.6 0-33.9L54.3 103c9.4-9.4 24.6-9.4 33.9 0l136 136c9.5 9.4 9.5 24.6.1 34z\"><\/path><\/svg><\/div><div id=\"elementor-tab-content-1284\" class=\"eael-accordion-content clearfix\" data-tab=\"4\" aria-labelledby=\"posso-richiedere-un-progetto-personalizzato\"><p>S\u00ec, valutiamo commissioni su misura coerenti con la poetica SynthArt.<\/p><\/div>\n                <\/div><\/div>\t\t\t\t<\/div>\n\t\t\t\t<\/div>\n\t\t\t\t<\/div>\n\t\t\t\t\t<\/div>\n\t\t\t\t<\/div>\n\t\t\t\t<\/div>","protected":false},"excerpt":{"rendered":"<p>Certificato di autenticit\u00e0 Ogni opera SynthArt \u00e8 accompagnata da un certificato che include: Titolo dell\u2019opera Nome dell\u2019autore (Valeria Pistilli) Serie di appartenenza Tecnica e supporto Dimensioni reali Data e luogo di realizzazione Firma dell\u2019artista \u00a0Questo documento \u00e8 la garanzia ufficiale che l\u2019opera \u00e8 unica, irripetibile e riconosciuta. Materiali e stampa di qualit\u00e0 di stampa museale [&hellip;]<\/p>","protected":false},"author":2,"featured_media":0,"parent":0,"menu_order":0,"comment_status":"closed","ping_status":"closed","template":"elementor_header_footer","meta":{"_themeisle_gutenberg_block_has_review":false,"footnotes":""},"class_list":["post-3570","page","type-page","status-publish","hentry"],"yoast_head":"<!-- This site is optimized with the Yoast SEO plugin v26.0 - https:\/\/yoast.com\/wordpress\/plugins\/seo\/ -->\n<title>Certificato di autenticit\u00e0 - SynthArt<\/title>\n<meta name=\"robots\" content=\"index, follow, max-snippet:-1, max-image-preview:large, max-video-preview:-1\" \/>\n<link rel=\"canonical\" href=\"https:\/\/synthart.it\/en\/certificato-di-autenticita\/\" \/>\n<meta property=\"og:locale\" content=\"en_US\" \/>\n<meta property=\"og:type\" content=\"article\" \/>\n<meta property=\"og:title\" content=\"Certificato di autenticit\u00e0 - SynthArt\" \/>\n<meta property=\"og:description\" content=\"Certificato di autenticit\u00e0 Ogni opera SynthArt \u00e8 accompagnata da un certificato che include: Titolo dell\u2019opera Nome dell\u2019autore (Valeria Pistilli) Serie di appartenenza Tecnica e supporto Dimensioni reali Data e luogo di realizzazione Firma dell\u2019artista \u00a0Questo documento \u00e8 la garanzia ufficiale che l\u2019opera \u00e8 unica, irripetibile e riconosciuta. Materiali e stampa di qualit\u00e0 di stampa museale [&hellip;]\" \/>\n<meta property=\"og:url\" content=\"https:\/\/synthart.it\/en\/certificato-di-autenticita\/\" \/>\n<meta property=\"og:site_name\" content=\"SynthArt\" \/>\n<meta property=\"article:modified_time\" content=\"2025-10-13T10:29:53+00:00\" \/>\n<meta property=\"og:image\" content=\"https:\/\/synthart.it\/wp-content\/uploads\/2024\/09\/LOGO_SYNTHART-3-pallini-1024x394.png\" \/>\n<meta name=\"twitter:card\" content=\"summary_large_image\" \/>\n<meta name=\"twitter:label1\" content=\"Est. reading time\" \/>\n\t<meta name=\"twitter:data1\" content=\"3 minutes\" \/>\n<script type=\"application\/ld+json\" class=\"yoast-schema-graph\">{\"@context\":\"https:\/\/schema.org\",\"@graph\":[{\"@type\":\"WebPage\",\"@id\":\"https:\/\/synthart.it\/certificato-di-autenticita\/\",\"url\":\"https:\/\/synthart.it\/certificato-di-autenticita\/\",\"name\":\"Certificato di autenticit\u00e0 - SynthArt\",\"isPartOf\":{\"@id\":\"https:\/\/synthart.it\/#website\"},\"primaryImageOfPage\":{\"@id\":\"https:\/\/synthart.it\/certificato-di-autenticita\/#primaryimage\"},\"image\":{\"@id\":\"https:\/\/synthart.it\/certificato-di-autenticita\/#primaryimage\"},\"thumbnailUrl\":\"https:\/\/synthart.it\/wp-content\/uploads\/2024\/09\/LOGO_SYNTHART-3-pallini-1024x394.png\",\"datePublished\":\"2024-11-27T11:55:01+00:00\",\"dateModified\":\"2025-10-13T10:29:53+00:00\",\"breadcrumb\":{\"@id\":\"https:\/\/synthart.it\/certificato-di-autenticita\/#breadcrumb\"},\"inLanguage\":\"en-US\",\"potentialAction\":[{\"@type\":\"ReadAction\",\"target\":[\"https:\/\/synthart.it\/certificato-di-autenticita\/\"]}]},{\"@type\":\"ImageObject\",\"inLanguage\":\"en-US\",\"@id\":\"https:\/\/synthart.it\/certificato-di-autenticita\/#primaryimage\",\"url\":\"https:\/\/synthart.it\/wp-content\/uploads\/2024\/09\/LOGO_SYNTHART-3-pallini-1024x394.png\",\"contentUrl\":\"https:\/\/synthart.it\/wp-content\/uploads\/2024\/09\/LOGO_SYNTHART-3-pallini-1024x394.png\"},{\"@type\":\"BreadcrumbList\",\"@id\":\"https:\/\/synthart.it\/certificato-di-autenticita\/#breadcrumb\",\"itemListElement\":[{\"@type\":\"ListItem\",\"position\":1,\"name\":\"Home\",\"item\":\"https:\/\/synthart.it\/\"},{\"@type\":\"ListItem\",\"position\":2,\"name\":\"Certificato di autenticit\u00e0\"}]},{\"@type\":\"WebSite\",\"@id\":\"https:\/\/synthart.it\/#website\",\"url\":\"https:\/\/synthart.it\/\",\"name\":\"SynthArt\",\"description\":\"Un Nuovo Codice nell\u2019Arte\",\"publisher\":{\"@id\":\"https:\/\/synthart.it\/#organization\"},\"potentialAction\":[{\"@type\":\"SearchAction\",\"target\":{\"@type\":\"EntryPoint\",\"urlTemplate\":\"https:\/\/synthart.it\/?s={search_term_string}\"},\"query-input\":{\"@type\":\"PropertyValueSpecification\",\"valueRequired\":true,\"valueName\":\"search_term_string\"}}],\"inLanguage\":\"en-US\"},{\"@type\":\"Organization\",\"@id\":\"https:\/\/synthart.it\/#organization\",\"name\":\"SynthArt\",\"url\":\"https:\/\/synthart.it\/\",\"logo\":{\"@type\":\"ImageObject\",\"inLanguage\":\"en-US\",\"@id\":\"https:\/\/synthart.it\/#\/schema\/logo\/image\/\",\"url\":\"https:\/\/synthart.it\/wp-content\/uploads\/2024\/04\/LOGO_SYNTHART-1-03-e1712858740386.png\",\"contentUrl\":\"https:\/\/synthart.it\/wp-content\/uploads\/2024\/04\/LOGO_SYNTHART-1-03-e1712858740386.png\",\"width\":350,\"height\":135,\"caption\":\"SynthArt\"},\"image\":{\"@id\":\"https:\/\/synthart.it\/#\/schema\/logo\/image\/\"}}]}<\/script>\n<!-- \/ Yoast SEO plugin. -->","yoast_head_json":{"title":"Certificato di autenticit\u00e0 - SynthArt","robots":{"index":"index","follow":"follow","max-snippet":"max-snippet:-1","max-image-preview":"max-image-preview:large","max-video-preview":"max-video-preview:-1"},"canonical":"https:\/\/synthart.it\/en\/certificato-di-autenticita\/","og_locale":"en_US","og_type":"article","og_title":"Certificato di autenticit\u00e0 - SynthArt","og_description":"Certificato di autenticit\u00e0 Ogni opera SynthArt \u00e8 accompagnata da un certificato che include: Titolo dell\u2019opera Nome dell\u2019autore (Valeria Pistilli) Serie di appartenenza Tecnica e supporto Dimensioni reali Data e luogo di realizzazione Firma dell\u2019artista \u00a0Questo documento \u00e8 la garanzia ufficiale che l\u2019opera \u00e8 unica, irripetibile e riconosciuta. Materiali e stampa di qualit\u00e0 di stampa museale [&hellip;]","og_url":"https:\/\/synthart.it\/en\/certificato-di-autenticita\/","og_site_name":"SynthArt","article_modified_time":"2025-10-13T10:29:53+00:00","og_image":[{"url":"https:\/\/synthart.it\/wp-content\/uploads\/2024\/09\/LOGO_SYNTHART-3-pallini-1024x394.png","type":"","width":"","height":""}],"twitter_card":"summary_large_image","twitter_misc":{"Est. reading time":"3 minutes"},"schema":{"@context":"https:\/\/schema.org","@graph":[{"@type":"WebPage","@id":"https:\/\/synthart.it\/certificato-di-autenticita\/","url":"https:\/\/synthart.it\/certificato-di-autenticita\/","name":"Certificato di autenticit\u00e0 - SynthArt","isPartOf":{"@id":"https:\/\/synthart.it\/#website"},"primaryImageOfPage":{"@id":"https:\/\/synthart.it\/certificato-di-autenticita\/#primaryimage"},"image":{"@id":"https:\/\/synthart.it\/certificato-di-autenticita\/#primaryimage"},"thumbnailUrl":"https:\/\/synthart.it\/wp-content\/uploads\/2024\/09\/LOGO_SYNTHART-3-pallini-1024x394.png","datePublished":"2024-11-27T11:55:01+00:00","dateModified":"2025-10-13T10:29:53+00:00","breadcrumb":{"@id":"https:\/\/synthart.it\/certificato-di-autenticita\/#breadcrumb"},"inLanguage":"en-US","potentialAction":[{"@type":"ReadAction","target":["https:\/\/synthart.it\/certificato-di-autenticita\/"]}]},{"@type":"ImageObject","inLanguage":"en-US","@id":"https:\/\/synthart.it\/certificato-di-autenticita\/#primaryimage","url":"https:\/\/synthart.it\/wp-content\/uploads\/2024\/09\/LOGO_SYNTHART-3-pallini-1024x394.png","contentUrl":"https:\/\/synthart.it\/wp-content\/uploads\/2024\/09\/LOGO_SYNTHART-3-pallini-1024x394.png"},{"@type":"BreadcrumbList","@id":"https:\/\/synthart.it\/certificato-di-autenticita\/#breadcrumb","itemListElement":[{"@type":"ListItem","position":1,"name":"Home","item":"https:\/\/synthart.it\/"},{"@type":"ListItem","position":2,"name":"Certificato di autenticit\u00e0"}]},{"@type":"WebSite","@id":"https:\/\/synthart.it\/#website","url":"https:\/\/synthart.it\/","name":"SynthArt","description":"Un Nuovo Codice nell\u2019Arte","publisher":{"@id":"https:\/\/synthart.it\/#organization"},"potentialAction":[{"@type":"SearchAction","target":{"@type":"EntryPoint","urlTemplate":"https:\/\/synthart.it\/?s={search_term_string}"},"query-input":{"@type":"PropertyValueSpecification","valueRequired":true,"valueName":"search_term_string"}}],"inLanguage":"en-US"},{"@type":"Organization","@id":"https:\/\/synthart.it\/#organization","name":"SynthArt","url":"https:\/\/synthart.it\/","logo":{"@type":"ImageObject","inLanguage":"en-US","@id":"https:\/\/synthart.it\/#\/schema\/logo\/image\/","url":"https:\/\/synthart.it\/wp-content\/uploads\/2024\/04\/LOGO_SYNTHART-1-03-e1712858740386.png","contentUrl":"https:\/\/synthart.it\/wp-content\/uploads\/2024\/04\/LOGO_SYNTHART-1-03-e1712858740386.png","width":350,"height":135,"caption":"SynthArt"},"image":{"@id":"https:\/\/synthart.it\/#\/schema\/logo\/image\/"}}]}},"_links":{"self":[{"href":"https:\/\/synthart.it\/en\/wp-json\/wp\/v2\/pages\/3570","targetHints":{"allow":["GET"]}}],"collection":[{"href":"https:\/\/synthart.it\/en\/wp-json\/wp\/v2\/pages"}],"about":[{"href":"https:\/\/synthart.it\/en\/wp-json\/wp\/v2\/types\/page"}],"author":[{"embeddable":true,"href":"https:\/\/synthart.it\/en\/wp-json\/wp\/v2\/users\/2"}],"replies":[{"embeddable":true,"href":"https:\/\/synthart.it\/en\/wp-json\/wp\/v2\/comments?post=3570"}],"version-history":[{"count":23,"href":"https:\/\/synthart.it\/en\/wp-json\/wp\/v2\/pages\/3570\/revisions"}],"predecessor-version":[{"id":5447,"href":"https:\/\/synthart.it\/en\/wp-json\/wp\/v2\/pages\/3570\/revisions\/5447"}],"wp:attachment":[{"href":"https:\/\/synthart.it\/en\/wp-json\/wp\/v2\/media?parent=3570"}],"curies":[{"name":"wp","href":"https:\/\/api.w.org\/{rel}","templated":true}]}}